{"id":1556,"date":"2023-05-24T17:22:19","date_gmt":"2023-05-24T15:22:19","guid":{"rendered":"https:\/\/www.auraia.ch\/nouveau\/legal-notice\/"},"modified":"2024-08-26T08:48:53","modified_gmt":"2024-08-26T06:48:53","slug":"legal-notice","status":"publish","type":"page","link":"https:\/\/www.auraia.ch\/en\/legal-notice\/","title":{"rendered":"Legal notice"},"content":{"rendered":"\t\t<div data-elementor-type=\"wp-page\" data-elementor-id=\"1556\" class=\"elementor elementor-1556 elementor-485\" data-elementor-post-type=\"page\">\n\t\t\t\t\t\t<section class=\"elementor-section elementor-top-section elementor-element elementor-element-85747f8 elementor-section-height-min-height elementor-section-content-bottom elementor-section-full_width elementor-section-height-default elementor-section-items-middle elementor-invisible\" data-id=\"85747f8\" data-element_type=\"section\" data-settings=\"{&quot;background_background&quot;:&quot;classic&quot;,&quot;animation&quot;:&quot;fadeIn&quot;}\">\n\t\t\t\t\t\t<div class=\"elementor-container elementor-column-gap-default\">\n\t\t\t\t\t<div class=\"elementor-column elementor-col-100 elementor-top-column elementor-element elementor-element-d0ce426\" data-id=\"d0ce426\" data-element_type=\"column\">\n\t\t\t<div class=\"elementor-widget-wrap elementor-element-populated\">\n\t\t\t\t\t\t<section class=\"elementor-section elementor-inner-section elementor-element elementor-element-441f7e2 elementor-section-content-bottom elementor-section-boxed elementor-section-height-default elementor-section-height-default\" data-id=\"441f7e2\" data-element_type=\"section\">\n\t\t\t\t\t\t<div class=\"elementor-container elementor-column-gap-default\">\n\t\t\t\t\t<div class=\"elementor-column elementor-col-50 elementor-inner-column elementor-element elementor-element-3377974\" data-id=\"3377974\" data-element_type=\"column\">\n\t\t\t<div class=\"elementor-widget-wrap elementor-element-populated\">\n\t\t\t\t\t\t<div class=\"elementor-element elementor-element-a889649 elementor-invisible elementor-widget elementor-widget-heading\" data-id=\"a889649\" data-element_type=\"widget\" data-settings=\"{&quot;_animation&quot;:&quot;fadeIn&quot;,&quot;_animation_delay&quot;:500}\" data-widget_type=\"heading.default\">\n\t\t\t\t<div class=\"elementor-widget-container\">\n\t\t\t<h1 class=\"elementor-heading-title elementor-size-default\">Legal notice<\/h1>\t\t<\/div>\n\t\t\t\t<\/div>\n\t\t\t\t\t<\/div>\n\t\t<\/div>\n\t\t\t\t<div class=\"elementor-column elementor-col-50 elementor-inner-column elementor-element elementor-element-be5fc58 elementor-hidden-mobile\" data-id=\"be5fc58\" data-element_type=\"column\">\n\t\t\t<div class=\"elementor-widget-wrap\">\n\t\t\t\t\t\t\t<\/div>\n\t\t<\/div>\n\t\t\t\t\t<\/div>\n\t\t<\/section>\n\t\t\t\t\t<\/div>\n\t\t<\/div>\n\t\t\t\t\t<\/div>\n\t\t<\/section>\n\t\t\t\t<section class=\"elementor-section elementor-top-section elementor-element elementor-element-2a7ba16 elementor-section-boxed elementor-section-height-default elementor-section-height-default\" data-id=\"2a7ba16\" data-element_type=\"section\" data-settings=\"{&quot;background_background&quot;:&quot;classic&quot;}\">\n\t\t\t\t\t\t<div class=\"elementor-container elementor-column-gap-default\">\n\t\t\t\t\t<div class=\"elementor-column elementor-col-100 elementor-top-column elementor-element elementor-element-03f04c1 elementor-invisible\" data-id=\"03f04c1\" data-element_type=\"column\" data-settings=\"{&quot;animation&quot;:&quot;fadeIn&quot;}\">\n\t\t\t<div class=\"elementor-widget-wrap elementor-element-populated\">\n\t\t\t\t\t\t<div class=\"elementor-element elementor-element-39b21c2 textementionslegales elementor-widget elementor-widget-text-editor\" data-id=\"39b21c2\" data-element_type=\"widget\" data-widget_type=\"text-editor.default\">\n\t\t\t\t<div class=\"elementor-widget-container\">\n\t\t\t\t\t\t\t<p>This website is published by <strong>Aura\u00efa S\u00e0rl<\/strong>, a limited liability company, whose registered office is at Place de Longemalle 16, 1204 Geneva, Switzerland, IDE : CHE-405.711.665<\/p>\n<p>The publication manager is Pierre Lasry <a href=\"mailto:contact@auraia.ch\">contact@auraia.ch<\/a><\/p>\n<p>This website is hosted by the company Gandi SAS, 63-65 boulevard Mass\u00e9na 75013 Paris, France.<\/p>\n<h3>Cookies:<\/h3>\n<p>The cookies used on the site are for analytical purposes only.  <\/p>\n\t\t\t\t\t\t<\/div>\n\t\t\t\t<\/div>\n\t\t\t\t\t<\/div>\n\t\t<\/div>\n\t\t\t\t\t<\/div>\n\t\t<\/section>\n\t\t\t\t<\/div>\n\t\t","protected":false},"excerpt":{"rendered":"<p>Legal notice This website is published by Aura\u00efa S\u00e0rl, a limited liability company, whose registered office is at Place de Longemalle 16, 1204 Geneva, Switzerland, IDE : CHE-405.711.665 The publication manager is Pierre Lasry contact@auraia.ch This website is hosted by the company Gandi SAS, 63-65 boulevard Mass\u00e9na 75013 Paris, France. Cookies: The cookies used on [&hellip;]<\/p>\n","protected":false},"author":1,"featured_media":0,"parent":0,"menu_order":0,"comment_status":"closed","ping_status":"closed","template":"elementor_header_footer","meta":{"footnotes":""},"class_list":["post-1556","page","type-page","status-publish","hentry"],"yoast_head":"<!-- This site is optimized with the Yoast SEO plugin v20.10 - https:\/\/yoast.com\/wordpress\/plugins\/seo\/ -->\n<title>Legal notice - Aura\u00efa<\/title>\n<meta name=\"robots\" content=\"index, follow, max-snippet:-1, max-image-preview:large, max-video-preview:-1\" \/>\n<link rel=\"canonical\" href=\"https:\/\/www.auraia.ch\/en\/legal-notice\/\" \/>\n<meta property=\"og:locale\" content=\"en_US\" \/>\n<meta property=\"og:type\" content=\"article\" \/>\n<meta property=\"og:title\" content=\"Legal notice - Aura\u00efa\" \/>\n<meta property=\"og:description\" content=\"Legal notice This website is published by Aura\u00efa S\u00e0rl, a limited liability company, whose registered office is at Place de Longemalle 16, 1204 Geneva, Switzerland, IDE : CHE-405.711.665 The publication manager is Pierre Lasry contact@auraia.ch This website is hosted by the company Gandi SAS, 63-65 boulevard Mass\u00e9na 75013 Paris, France. Cookies: The cookies used on [&hellip;]\" \/>\n<meta property=\"og:url\" content=\"https:\/\/www.auraia.ch\/en\/legal-notice\/\" \/>\n<meta property=\"og:site_name\" content=\"Aura\u00efa\" \/>\n<meta property=\"article:modified_time\" content=\"2024-08-26T06:48:53+00:00\" \/>\n<meta name=\"twitter:card\" content=\"summary_large_image\" \/>\n<script type=\"application\/ld+json\" class=\"yoast-schema-graph\">{\"@context\":\"https:\/\/schema.org\",\"@graph\":[{\"@type\":\"WebPage\",\"@id\":\"https:\/\/www.auraia.ch\/en\/legal-notice\/\",\"url\":\"https:\/\/www.auraia.ch\/en\/legal-notice\/\",\"name\":\"Legal notice - Aura\u00efa\",\"isPartOf\":{\"@id\":\"https:\/\/www.auraia.ch\/#website\"},\"datePublished\":\"2023-05-24T15:22:19+00:00\",\"dateModified\":\"2024-08-26T06:48:53+00:00\",\"breadcrumb\":{\"@id\":\"https:\/\/www.auraia.ch\/en\/legal-notice\/#breadcrumb\"},\"inLanguage\":\"en-US\",\"potentialAction\":[{\"@type\":\"ReadAction\",\"target\":[\"https:\/\/www.auraia.ch\/en\/legal-notice\/\"]}]},{\"@type\":\"BreadcrumbList\",\"@id\":\"https:\/\/www.auraia.ch\/en\/legal-notice\/#breadcrumb\",\"itemListElement\":[{\"@type\":\"ListItem\",\"position\":1,\"name\":\"Accueil\",\"item\":\"https:\/\/www.auraia.ch\/en\/home\/\"},{\"@type\":\"ListItem\",\"position\":2,\"name\":\"Legal notice\"}]},{\"@type\":\"WebSite\",\"@id\":\"https:\/\/www.auraia.ch\/#website\",\"url\":\"https:\/\/www.auraia.ch\/\",\"name\":\"Aura\u00efa\",\"description\":\"Capital Advisory\",\"publisher\":{\"@id\":\"https:\/\/www.auraia.ch\/#organization\"},\"potentialAction\":[{\"@type\":\"SearchAction\",\"target\":{\"@type\":\"EntryPoint\",\"urlTemplate\":\"https:\/\/www.auraia.ch\/?s={search_term_string}\"},\"query-input\":\"required name=search_term_string\"}],\"inLanguage\":\"en-US\"},{\"@type\":\"Organization\",\"@id\":\"https:\/\/www.auraia.ch\/#organization\",\"name\":\"Aura\u00efa\",\"url\":\"https:\/\/www.auraia.ch\/\",\"logo\":{\"@type\":\"ImageObject\",\"inLanguage\":\"en-US\",\"@id\":\"https:\/\/www.auraia.ch\/#\/schema\/logo\/image\/\",\"url\":\"https:\/\/www.auraia.ch\/wp-content\/uploads\/2023\/06\/logo-auraia.jpg\",\"contentUrl\":\"https:\/\/www.auraia.ch\/wp-content\/uploads\/2023\/06\/logo-auraia.jpg\",\"width\":600,\"height\":241,\"caption\":\"Aura\u00efa\"},\"image\":{\"@id\":\"https:\/\/www.auraia.ch\/#\/schema\/logo\/image\/\"}}]}<\/script>\n<!-- \/ Yoast SEO plugin. -->","yoast_head_json":{"title":"Legal notice - Aura\u00efa","robots":{"index":"index","follow":"follow","max-snippet":"max-snippet:-1","max-image-preview":"max-image-preview:large","max-video-preview":"max-video-preview:-1"},"canonical":"https:\/\/www.auraia.ch\/en\/legal-notice\/","og_locale":"en_US","og_type":"article","og_title":"Legal notice - Aura\u00efa","og_description":"Legal notice This website is published by Aura\u00efa S\u00e0rl, a limited liability company, whose registered office is at Place de Longemalle 16, 1204 Geneva, Switzerland, IDE : CHE-405.711.665 The publication manager is Pierre Lasry contact@auraia.ch This website is hosted by the company Gandi SAS, 63-65 boulevard Mass\u00e9na 75013 Paris, France. Cookies: The cookies used on [&hellip;]","og_url":"https:\/\/www.auraia.ch\/en\/legal-notice\/","og_site_name":"Aura\u00efa","article_modified_time":"2024-08-26T06:48:53+00:00","twitter_card":"summary_large_image","schema":{"@context":"https:\/\/schema.org","@graph":[{"@type":"WebPage","@id":"https:\/\/www.auraia.ch\/en\/legal-notice\/","url":"https:\/\/www.auraia.ch\/en\/legal-notice\/","name":"Legal notice - Aura\u00efa","isPartOf":{"@id":"https:\/\/www.auraia.ch\/#website"},"datePublished":"2023-05-24T15:22:19+00:00","dateModified":"2024-08-26T06:48:53+00:00","breadcrumb":{"@id":"https:\/\/www.auraia.ch\/en\/legal-notice\/#breadcrumb"},"inLanguage":"en-US","potentialAction":[{"@type":"ReadAction","target":["https:\/\/www.auraia.ch\/en\/legal-notice\/"]}]},{"@type":"BreadcrumbList","@id":"https:\/\/www.auraia.ch\/en\/legal-notice\/#breadcrumb","itemListElement":[{"@type":"ListItem","position":1,"name":"Accueil","item":"https:\/\/www.auraia.ch\/en\/home\/"},{"@type":"ListItem","position":2,"name":"Legal notice"}]},{"@type":"WebSite","@id":"https:\/\/www.auraia.ch\/#website","url":"https:\/\/www.auraia.ch\/","name":"Aura\u00efa","description":"Capital Advisory","publisher":{"@id":"https:\/\/www.auraia.ch\/#organization"},"potentialAction":[{"@type":"SearchAction","target":{"@type":"EntryPoint","urlTemplate":"https:\/\/www.auraia.ch\/?s={search_term_string}"},"query-input":"required name=search_term_string"}],"inLanguage":"en-US"},{"@type":"Organization","@id":"https:\/\/www.auraia.ch\/#organization","name":"Aura\u00efa","url":"https:\/\/www.auraia.ch\/","logo":{"@type":"ImageObject","inLanguage":"en-US","@id":"https:\/\/www.auraia.ch\/#\/schema\/logo\/image\/","url":"https:\/\/www.auraia.ch\/wp-content\/uploads\/2023\/06\/logo-auraia.jpg","contentUrl":"https:\/\/www.auraia.ch\/wp-content\/uploads\/2023\/06\/logo-auraia.jpg","width":600,"height":241,"caption":"Aura\u00efa"},"image":{"@id":"https:\/\/www.auraia.ch\/#\/schema\/logo\/image\/"}}]}},"_links":{"self":[{"href":"https:\/\/www.auraia.ch\/en\/wp-json\/wp\/v2\/pages\/1556","targetHints":{"allow":["GET"]}}],"collection":[{"href":"https:\/\/www.auraia.ch\/en\/wp-json\/wp\/v2\/pages"}],"about":[{"href":"https:\/\/www.auraia.ch\/en\/wp-json\/wp\/v2\/types\/page"}],"author":[{"embeddable":true,"href":"https:\/\/www.auraia.ch\/en\/wp-json\/wp\/v2\/users\/1"}],"replies":[{"embeddable":true,"href":"https:\/\/www.auraia.ch\/en\/wp-json\/wp\/v2\/comments?post=1556"}],"version-history":[{"count":8,"href":"https:\/\/www.auraia.ch\/en\/wp-json\/wp\/v2\/pages\/1556\/revisions"}],"predecessor-version":[{"id":1974,"href":"https:\/\/www.auraia.ch\/en\/wp-json\/wp\/v2\/pages\/1556\/revisions\/1974"}],"wp:attachment":[{"href":"https:\/\/www.auraia.ch\/en\/wp-json\/wp\/v2\/media?parent=1556"}],"curies":[{"name":"wp","href":"https:\/\/api.w.org\/{rel}","templated":true}]}}